{"id":5873,"date":"2022-01-25T11:30:53","date_gmt":"2022-01-25T08:30:53","guid":{"rendered":"https:\/\/immediatech.net\/ru\/?page_id=5873"},"modified":"2022-01-25T11:34:57","modified_gmt":"2022-01-25T08:34:57","slug":"o-nas","status":"publish","type":"page","link":"https:\/\/immediatech.net\/ru\/pl\/o-nas\/","title":{"rendered":"O nas"},"content":{"rendered":"\t\t<div data-elementor-type=\"wp-page\" data-elementor-id=\"5873\" class=\"elementor elementor-5873\" data-elementor-post-type=\"page\">\n\t\t\t\t\t\t<section class=\"elementor-section elementor-top-section elementor-element elementor-element-5521c678 elementor-section-height-full elementor-section-items-top elementor-section-boxed elementor-section-height-default\" data-id=\"5521c678\" data-element_type=\"section\">\n\t\t\t\t\t\t<div class=\"elementor-container elementor-column-gap-default\">\n\t\t\t\t\t<div class=\"elementor-column elementor-col-100 elementor-top-column elementor-element elementor-element-aa0725\" data-id=\"aa0725\" data-element_type=\"column\">\n\t\t\t<div class=\"elementor-widget-wrap elementor-element-populated\">\n\t\t\t\t\t\t<div class=\"elementor-element elementor-element-a2f26b2 elementor-widget elementor-widget-heading\" data-id=\"a2f26b2\" data-element_type=\"widget\" data-widget_type=\"heading.default\">\n\t\t\t\t<div class=\"elementor-widget-container\">\n\t\t\t\t\t<h2 class=\"elementor-heading-title elementor-size-default\">Jeste\u015bmy Improve Media<\/h2>\t\t\t\t<\/div>\n\t\t\t\t<\/div>\n\t\t\t\t<div class=\"elementor-element elementor-element-4980ea5d elementor-widget elementor-widget-text-editor\" data-id=\"4980ea5d\" data-element_type=\"widget\" data-widget_type=\"text-editor.default\">\n\t\t\t\t<div class=\"elementor-widget-container\">\n\t\t\t\t\t\t\t\t\t<blockquote><p>Firma Improve Media od 2012 roku specjalizuje si\u0119 w profesjonalnej promocji projekt\u00f3w w Internecie z wykorzystaniem zaawansowanych technologii marketingu internetowego.<\/p><\/blockquote>\t\t\t\t\t\t\t\t<\/div>\n\t\t\t\t<\/div>\n\t\t\t\t<section class=\"elementor-section elementor-inner-section elementor-element elementor-element-645f098c elementor-section-boxed elementor-section-height-default elementor-section-height-default\" data-id=\"645f098c\" data-element_type=\"section\">\n\t\t\t\t\t\t<div class=\"elementor-container elementor-column-gap-default\">\n\t\t\t\t\t<div class=\"elementor-column elementor-col-50 elementor-inner-column elementor-element elementor-element-66d592c3\" data-id=\"66d592c3\" data-element_type=\"column\">\n\t\t\t<div class=\"elementor-widget-wrap elementor-element-populated\">\n\t\t\t\t\t\t<div class=\"elementor-element elementor-element-5f1a3ce elementor-widget elementor-widget-text-editor\" data-id=\"5f1a3ce\" data-element_type=\"widget\" data-widget_type=\"text-editor.default\">\n\t\t\t\t<div class=\"elementor-widget-container\">\n\t\t\t\t\t\t\t\t\t<p><strong>Nasz\u0105 misj\u0105<\/strong> jest \u015bwiadczenie us\u0142ug w zakresie tworzenia i rozwoju witryn, produkcji tre\u015bci, a tak\u017ce promocji w wyszukiwarkach, sieciach spo\u0142eczno\u015bciowych, rozwoju e-mail marketingu i reklamy kontekstowej na wysokim poziomie;<\/p><p><strong>Naszym celem<\/strong> jest dostarczanie rynkowi skutecznych narz\u0119dzi i technologii do marketingu internetowego.<\/p>\t\t\t\t\t\t\t\t<\/div>\n\t\t\t\t<\/div>\n\t\t\t\t\t<\/div>\n\t\t<\/div>\n\t\t\t\t<div class=\"elementor-column elementor-col-50 elementor-inner-column elementor-element elementor-element-10f711bb\" data-id=\"10f711bb\" data-element_type=\"column\">\n\t\t\t<div class=\"elementor-widget-wrap elementor-element-populated\">\n\t\t\t\t\t\t<div class=\"elementor-element elementor-element-3c6da236 elementor-widget elementor-widget-video\" data-id=\"3c6da236\" data-element_type=\"widget\" data-settings=\"{&quot;youtube_url&quot;:&quot;https:\\\/\\\/www.youtube.com\\\/watch?v=Rh_1580HtZM&quot;,&quot;autoplay&quot;:&quot;yes&quot;,&quot;play_on_mobile&quot;:&quot;yes&quot;,&quot;mute&quot;:&quot;yes&quot;,&quot;loop&quot;:&quot;yes&quot;,&quot;video_type&quot;:&quot;youtube&quot;,&quot;controls&quot;:&quot;yes&quot;}\" data-widget_type=\"video.default\">\n\t\t\t\t<div class=\"elementor-widget-container\">\n\t\t\t\t\t\t\t<div class=\"elementor-wrapper elementor-open-inline\">\n\t\t\t<div class=\"elementor-video\"><\/div>\t\t<\/div>\n\t\t\t\t\t\t<\/div>\n\t\t\t\t<\/div>\n\t\t\t\t\t<\/div>\n\t\t<\/div>\n\t\t\t\t\t<\/div>\n\t\t<\/section>\n\t\t\t\t<div class=\"elementor-element elementor-element-704a28a elementor-align-center elementor-widget elementor-widget-global elementor-global-5811 elementor-widget-button\" data-id=\"704a28a\" data-element_type=\"widget\" data-widget_type=\"button.default\">\n\t\t\t\t<div class=\"elementor-widget-container\">\n\t\t\t\t\t\t\t\t\t<div class=\"elementor-button-wrapper\">\n\t\t\t\t\t<a class=\"elementor-button elementor-button-link elementor-size-sm\" href=\"#elementor-action%3Aaction%3Dpopup%3Aopen%26settings%3DeyJpZCI6IjU3ODgiLCJ0b2dnbGUiOmZhbHNlfQ%3D%3D\">\n\t\t\t\t\t\t<span class=\"elementor-button-content-wrapper\">\n\t\t\t\t\t\t\t\t\t<span class=\"elementor-button-text\">ZAM\u00d3W PROMOCJ\u0118<\/span>\n\t\t\t\t\t<\/span>\n\t\t\t\t\t<\/a>\n\t\t\t\t<\/div>\n\t\t\t\t\t\t\t\t<\/div>\n\t\t\t\t<\/div>\n\t\t\t\t\t<\/div>\n\t\t<\/div>\n\t\t\t\t\t<\/div>\n\t\t<\/section>\n\t\t\t\t<\/div>\n\t\t","protected":false},"excerpt":{"rendered":"<p>Jeste\u015bmy Improve Media Firma Improve Media od 2012 roku specjalizuje si\u0119 w profesjonalnej promocji projekt\u00f3w w Internecie z wykorzystaniem zaawansowanych [&hellip;]<\/p>\n","protected":false},"author":2,"featured_media":0,"parent":5498,"menu_order":0,"comment_status":"closed","ping_status":"closed","template":"template-microsite.php","meta":{"_acf_changed":false,"content-type":"","site-sidebar-layout":"default","site-content-layout":"","ast-site-content-layout":"default","site-content-style":"default","site-sidebar-style":"default","ast-global-header-display":"","ast-banner-title-visibility":"","ast-main-header-display":"","ast-hfb-above-header-display":"","ast-hfb-below-header-display":"","ast-hfb-mobile-header-display":"","site-post-title":"","ast-breadcrumbs-content":"","ast-featured-img":"","footer-sml-layout":"","ast-disable-related-posts":"","theme-transparent-header-meta":"","adv-header-id-meta":"","stick-header-meta":"","header-above-stick-meta":"","header-main-stick-meta":"","header-below-stick-meta":"","astra-migrate-meta-layouts":"default","ast-page-background-enabled":"default","ast-page-background-meta":{"desktop":{"background-color":"","background-image":"","background-repeat":"repeat","background-position":"center center","background-size":"auto","background-attachment":"scroll","background-type":"","background-media":"","overlay-type":"","overlay-color":"","overlay-opacity":"","overlay-gradient":""},"tablet":{"background-color":"","background-image":"","background-repeat":"repeat","background-position":"center center","background-size":"auto","background-attachment":"scroll","background-type":"","background-media":"","overlay-type":"","overlay-color":"","overlay-opacity":"","overlay-gradient":""},"mobile":{"background-color":"","background-image":"","background-repeat":"repeat","background-position":"center center","background-size":"auto","background-attachment":"scroll","background-type":"","background-media":"","overlay-type":"","overlay-color":"","overlay-opacity":"","overlay-gradient":""}},"ast-content-background-meta":{"desktop":{"background-color":"var(--ast-global-color-4)","background-image":"","background-repeat":"repeat","background-position":"center center","background-size":"auto","background-attachment":"scroll","background-type":"","background-media":"","overlay-type":"","overlay-color":"","overlay-opacity":"","overlay-gradient":""},"tablet":{"background-color":"var(--ast-global-color-4)","background-image":"","background-repeat":"repeat","background-position":"center center","background-size":"auto","background-attachment":"scroll","background-type":"","background-media":"","overlay-type":"","overlay-color":"","overlay-opacity":"","overlay-gradient":""},"mobile":{"background-color":"var(--ast-global-color-4)","background-image":"","background-repeat":"repeat","background-position":"center center","background-size":"auto","background-attachment":"scroll","background-type":"","background-media":"","overlay-type":"","overlay-color":"","overlay-opacity":"","overlay-gradient":""}},"footnotes":""},"class_list":["post-5873","page","type-page","status-publish","hentry"],"acf":[],"yoast_head":"<!-- This site is optimized with the Yoast SEO plugin v26.0 - https:\/\/yoast.com\/wordpress\/plugins\/seo\/ -->\n<title>O nas - immedia - Improve Media<\/title>\n<meta name=\"description\" content=\"Firma Improve Media od 2012 roku specjalizuje si\u0119 w profesjonalnej promocji projekt\u00f3w z wykorzystaniem technologii marketingu internetowego\" \/>\n<meta name=\"robots\" content=\"index, follow, max-snippet:-1, max-image-preview:large, max-video-preview:-1\" \/>\n<link rel=\"canonical\" href=\"https:\/\/immediatech.net\/ru\/pl\/o-nas\/\" \/>\n<meta property=\"og:locale\" content=\"en_US\" \/>\n<meta property=\"og:type\" content=\"article\" \/>\n<meta property=\"og:title\" content=\"O nas - immedia - Improve Media\" \/>\n<meta property=\"og:description\" content=\"Firma Improve Media od 2012 roku specjalizuje si\u0119 w profesjonalnej promocji projekt\u00f3w z wykorzystaniem technologii marketingu internetowego\" \/>\n<meta property=\"og:url\" content=\"https:\/\/immediatech.net\/ru\/pl\/o-nas\/\" \/>\n<meta property=\"og:site_name\" content=\"immedia - Improve Media\" \/>\n<meta property=\"article:publisher\" content=\"https:\/\/www.facebook.com\/improvemedia\" \/>\n<meta property=\"article:modified_time\" content=\"2022-01-25T08:34:57+00:00\" \/>\n<meta property=\"og:image\" content=\"https:\/\/immediatech.net\/ru\/wp-content\/uploads\/2025\/08\/IMMEDIA-TECH-LOGO.jpg\" \/>\n\t<meta property=\"og:image:width\" content=\"1024\" \/>\n\t<meta property=\"og:image:height\" content=\"559\" \/>\n\t<meta property=\"og:image:type\" content=\"image\/jpeg\" \/>\n<meta name=\"twitter:card\" content=\"summary_large_image\" \/>\n<meta name=\"twitter:site\" content=\"@improvemedia\" \/>\n<meta name=\"twitter:label1\" content=\"Est. reading time\" \/>\n\t<meta name=\"twitter:data1\" content=\"1 minute\" \/>\n<!-- \/ Yoast SEO plugin. -->","yoast_head_json":{"title":"O nas - immedia - Improve Media","description":"Firma Improve Media od 2012 roku specjalizuje si\u0119 w profesjonalnej promocji projekt\u00f3w z wykorzystaniem technologii marketingu internetowego","robots":{"index":"index","follow":"follow","max-snippet":"max-snippet:-1","max-image-preview":"max-image-preview:large","max-video-preview":"max-video-preview:-1"},"canonical":"https:\/\/immediatech.net\/ru\/pl\/o-nas\/","og_locale":"en_US","og_type":"article","og_title":"O nas - immedia - Improve Media","og_description":"Firma Improve Media od 2012 roku specjalizuje si\u0119 w profesjonalnej promocji projekt\u00f3w z wykorzystaniem technologii marketingu internetowego","og_url":"https:\/\/immediatech.net\/ru\/pl\/o-nas\/","og_site_name":"immedia - Improve Media","article_publisher":"https:\/\/www.facebook.com\/improvemedia","article_modified_time":"2022-01-25T08:34:57+00:00","og_image":[{"width":1024,"height":559,"url":"https:\/\/immediatech.net\/ru\/wp-content\/uploads\/2025\/08\/IMMEDIA-TECH-LOGO.jpg","type":"image\/jpeg"}],"twitter_card":"summary_large_image","twitter_site":"@improvemedia","twitter_misc":{"Est. reading time":"1 minute"},"schema":{"@context":"https:\/\/schema.org","@graph":[{"@type":"WebPage","@id":"https:\/\/immediatech.net\/ru\/pl\/o-nas\/","url":"https:\/\/immediatech.net\/ru\/pl\/o-nas\/","name":"O nas - immedia - Improve Media","isPartOf":{"@id":"https:\/\/immediatech.net\/ru\/#website"},"datePublished":"2022-01-25T08:30:53+00:00","dateModified":"2022-01-25T08:34:57+00:00","description":"Firma Improve Media od 2012 roku specjalizuje si\u0119 w profesjonalnej promocji projekt\u00f3w z wykorzystaniem technologii marketingu internetowego","breadcrumb":{"@id":"https:\/\/immediatech.net\/ru\/pl\/o-nas\/#breadcrumb"},"inLanguage":"en-US","potentialAction":[{"@type":"ReadAction","target":["https:\/\/immediatech.net\/ru\/pl\/o-nas\/"]}]},{"@type":"BreadcrumbList","@id":"https:\/\/immediatech.net\/ru\/pl\/o-nas\/#breadcrumb","itemListElement":[{"@type":"ListItem","position":1,"name":"Home","item":"https:\/\/immediatech.net\/ru\/"},{"@type":"ListItem","position":2,"name":"Agencja marketingu internetowego","item":"https:\/\/immediatech.net\/ru\/pl\/"},{"@type":"ListItem","position":3,"name":"O nas"}]},{"@type":"WebSite","@id":"https:\/\/immediatech.net\/ru\/#website","url":"https:\/\/immediatech.net\/ru\/","name":"immedia - Improve Media","description":"Digital \u0410\u0433\u0435\u043d\u0442\u0441\u0442\u0432\u043e \u0438\u043d\u0442\u0435\u0440\u043d\u0435\u0442-\u043c\u0430\u0440\u043a\u0435\u0442\u0438\u043d\u0433\u0430","publisher":{"@id":"https:\/\/immediatech.net\/ru\/#organization"},"alternateName":"immedia tech","potentialAction":[{"@type":"SearchAction","target":{"@type":"EntryPoint","urlTemplate":"https:\/\/immediatech.net\/ru\/?s={search_term_string}"},"query-input":{"@type":"PropertyValueSpecification","valueRequired":true,"valueName":"search_term_string"}}],"inLanguage":"en-US"},{"@type":"Organization","@id":"https:\/\/immediatech.net\/ru\/#organization","name":"immedia - Improve Media","url":"https:\/\/immediatech.net\/ru\/","logo":{"@type":"ImageObject","inLanguage":"en-US","@id":"https:\/\/immediatech.net\/ru\/#\/schema\/logo\/image\/","url":"https:\/\/immediatech.net\/ru\/wp-content\/uploads\/2025\/08\/immedia-tech-logo-final.jpg","contentUrl":"https:\/\/immediatech.net\/ru\/wp-content\/uploads\/2025\/08\/immedia-tech-logo-final.jpg","width":1024,"height":1024,"caption":"immedia - Improve Media"},"image":{"@id":"https:\/\/immediatech.net\/ru\/#\/schema\/logo\/image\/"},"sameAs":["https:\/\/www.facebook.com\/improvemedia","https:\/\/x.com\/improvemedia","https:\/\/www.instagram.com\/immedia.tech\/","https:\/\/www.linkedin.com\/company\/pe-improve-media-\/about\/","https:\/\/www.youtube.com\/c\/immediabysmm"]}]}},"_links":{"self":[{"href":"https:\/\/immediatech.net\/ru\/wp-json\/wp\/v2\/pages\/5873","targetHints":{"allow":["GET"]}}],"collection":[{"href":"https:\/\/immediatech.net\/ru\/wp-json\/wp\/v2\/pages"}],"about":[{"href":"https:\/\/immediatech.net\/ru\/wp-json\/wp\/v2\/types\/page"}],"author":[{"embeddable":true,"href":"https:\/\/immediatech.net\/ru\/wp-json\/wp\/v2\/users\/2"}],"replies":[{"embeddable":true,"href":"https:\/\/immediatech.net\/ru\/wp-json\/wp\/v2\/comments?post=5873"}],"version-history":[{"count":9,"href":"https:\/\/immediatech.net\/ru\/wp-json\/wp\/v2\/pages\/5873\/revisions"}],"predecessor-version":[{"id":5883,"href":"https:\/\/immediatech.net\/ru\/wp-json\/wp\/v2\/pages\/5873\/revisions\/5883"}],"up":[{"embeddable":true,"href":"https:\/\/immediatech.net\/ru\/wp-json\/wp\/v2\/pages\/5498"}],"wp:attachment":[{"href":"https:\/\/immediatech.net\/ru\/wp-json\/wp\/v2\/media?parent=5873"}],"curies":[{"name":"wp","href":"https:\/\/api.w.org\/{rel}","templated":true}]}}